{"id":1227,"date":"2022-12-01T14:12:08","date_gmt":"2022-12-01T12:12:08","guid":{"rendered":"https:\/\/mljekaralivno.com\/index\/"},"modified":"2023-09-26T11:45:47","modified_gmt":"2023-09-26T09:45:47","slug":"index","status":"publish","type":"page","link":"https:\/\/mljekaralivno.com\/en\/","title":{"rendered":"Mljekara Livno &#8211; Dom Livanjskog sira"},"content":{"rendered":"<p>Mljekara Livno istinski je dom Livanjskog sira. \u010cuvar je tradicije proizvodnje vrhunskog sira koja je zapo\u010dela ve\u0107 krajem 19. stolje\u0107a.<\/p>","protected":false},"excerpt":{"rendered":"<p>Mljekara Livno istinski je dom Livanjskog sira. \u010cuvar je tradicije proizvodnje vrhunskog sira koja je zapo\u010dela ve\u0107 krajem 19. stolje\u0107a.<\/p>","protected":false},"author":1,"featured_media":1369,"parent":0,"menu_order":0,"comment_status":"closed","ping_status":"closed","template":"","meta":{"footnotes":""},"class_list":["post-1227","page","type-page","status-publish","has-post-thumbnail","hentry"],"_links":{"self":[{"href":"https:\/\/mljekaralivno.com\/en\/wp-json\/wp\/v2\/pages\/1227","targetHints":{"allow":["GET"]}}],"collection":[{"href":"https:\/\/mljekaralivno.com\/en\/wp-json\/wp\/v2\/pages"}],"about":[{"href":"https:\/\/mljekaralivno.com\/en\/wp-json\/wp\/v2\/types\/page"}],"author":[{"embeddable":true,"href":"https:\/\/mljekaralivno.com\/en\/wp-json\/wp\/v2\/users\/1"}],"replies":[{"embeddable":true,"href":"https:\/\/mljekaralivno.com\/en\/wp-json\/wp\/v2\/comments?post=1227"}],"version-history":[{"count":3,"href":"https:\/\/mljekaralivno.com\/en\/wp-json\/wp\/v2\/pages\/1227\/revisions"}],"predecessor-version":[{"id":2365,"href":"https:\/\/mljekaralivno.com\/en\/wp-json\/wp\/v2\/pages\/1227\/revisions\/2365"}],"wp:featuredmedia":[{"embeddable":true,"href":"https:\/\/mljekaralivno.com\/en\/wp-json\/wp\/v2\/media\/1369"}],"wp:attachment":[{"href":"https:\/\/mljekaralivno.com\/en\/wp-json\/wp\/v2\/media?parent=1227"}],"curies":[{"name":"wp","href":"https:\/\/api.w.org\/{rel}","templated":true}]}}